{"id":12817,"date":"2024-07-19T14:39:49","date_gmt":"2024-07-19T14:39:49","guid":{"rendered":"https:\/\/hungariancitizenship.eu\/famous-hungarians\/"},"modified":"2024-11-21T10:51:54","modified_gmt":"2024-11-21T10:51:54","slug":"famous-hungarians","status":"publish","type":"page","link":"https:\/\/hungariancitizenship.eu\/hu\/famous-hungarians\/","title":{"rendered":"H\u00edres magyarok"},"content":{"rendered":"\n<p><\/p>\n\n\n\n<p class=\"has-medium-font-size\"><strong>A felsoroltakon k\u00edv\u00fcl sz\u00e1mos olyan h\u00edress\u00e9g van, aki magyar gy\u00f6kerekkel rendelkezik. H\u00e1nyr\u00f3l tudta, hogy Magyarorsz\u00e1gr\u00f3l sz\u00e1rmaznak?<\/strong><\/p>\n\n\n\n<div class=\"wp-block-columns is-layout-flex wp-container-core-columns-is-layout-9d6595d7 wp-block-columns-is-layout-flex\">\n<div class=\"wp-block-column is-layout-flow wp-block-column-is-layout-flow\">\n<div class=\"wp-block-columns is-layout-flex wp-container-core-columns-is-layout-9d6595d7 wp-block-columns-is-layout-flex\">\n<div class=\"wp-block-column is-layout-flow wp-block-column-is-layout-flow\"><div class=\"wp-block-image is-style-default\">\n<figure class=\"aligncenter\"><img decoding=\"async\" src=\"https:\/\/hungariancitizenship.eu\/wp-content\/uploads\/2021\/08\/star.png\" alt=\"\" class=\"wp-image-7572\"\/><\/figure>\n<\/div>\n\n\n<p class=\"has-text-align-center\"><strong>&nbsp;Edith Eva Eger<\/strong><\/p>\n<\/div>\n\n\n\n<div class=\"wp-block-column is-layout-flow wp-block-column-is-layout-flow\"><div class=\"wp-block-image is-style-default\">\n<figure class=\"aligncenter\"><img decoding=\"async\" src=\"https:\/\/hungariancitizenship.eu\/wp-content\/uploads\/2021\/08\/star.png\" alt=\"\" class=\"wp-image-7572\"\/><\/figure>\n<\/div>\n\n\n<p class=\"has-text-align-center\"><strong><strong>Tony Curtis<\/strong><\/strong><\/p>\n<\/div>\n\n\n\n<div class=\"wp-block-column is-layout-flow wp-block-column-is-layout-flow\"><div class=\"wp-block-image is-style-default\">\n<figure class=\"aligncenter\"><img decoding=\"async\" src=\"https:\/\/hungariancitizenship.eu\/wp-content\/uploads\/2021\/08\/star.png\" alt=\"\" class=\"wp-image-7572\"\/><\/figure>\n<\/div>\n\n\n<p class=\"has-text-align-center\"><strong><strong>Feldm\u00e1r Andr\u00e1s<\/strong><\/strong><\/p>\n<\/div>\n<\/div>\n<\/div>\n\n\n\n<div class=\"wp-block-column is-layout-flow wp-block-column-is-layout-flow\">\n<div class=\"wp-block-columns is-layout-flex wp-container-core-columns-is-layout-9d6595d7 wp-block-columns-is-layout-flex\">\n<div class=\"wp-block-column is-layout-flow wp-block-column-is-layout-flow\"><div class=\"wp-block-image is-style-default\">\n<figure class=\"aligncenter\"><img decoding=\"async\" src=\"https:\/\/hungariancitizenship.eu\/wp-content\/uploads\/2021\/08\/star.png\" alt=\"\" class=\"wp-image-7572\"\/><\/figure>\n<\/div>\n\n\n<p class=\"has-text-align-center\"><strong><strong>Lisa Kudrow<\/strong><\/strong><\/p>\n<\/div>\n\n\n\n<div class=\"wp-block-column is-layout-flow wp-block-column-is-layout-flow\"><div class=\"wp-block-image is-style-default\">\n<figure class=\"aligncenter\"><img decoding=\"async\" src=\"https:\/\/hungariancitizenship.eu\/wp-content\/uploads\/2021\/08\/star.png\" alt=\"\" class=\"wp-image-7572\"\/><\/figure>\n<\/div>\n\n\n<p class=\"has-text-align-center\"><strong><strong>Goldie Hawn<\/strong><\/strong><\/p>\n<\/div>\n\n\n\n<div class=\"wp-block-column is-layout-flow wp-block-column-is-layout-flow\"><div class=\"wp-block-image is-style-default\">\n<figure class=\"aligncenter\"><img decoding=\"async\" src=\"https:\/\/hungariancitizenship.eu\/wp-content\/uploads\/2021\/08\/star.png\" alt=\"\" class=\"wp-image-7572\"\/><\/figure>\n<\/div>\n\n\n<p class=\"has-text-align-center\"><strong><strong>Alanis Morisette<\/strong><\/strong><\/p>\n<\/div>\n<\/div>\n<\/div>\n\n\n\n<div class=\"wp-block-column is-layout-flow wp-block-column-is-layout-flow\">\n<div class=\"wp-block-columns is-layout-flex wp-container-core-columns-is-layout-9d6595d7 wp-block-columns-is-layout-flex\">\n<div class=\"wp-block-column is-layout-flow wp-block-column-is-layout-flow\"><div class=\"wp-block-image is-style-default\">\n<figure class=\"aligncenter\"><img decoding=\"async\" src=\"https:\/\/hungariancitizenship.eu\/wp-content\/uploads\/2021\/08\/star.png\" alt=\"\" class=\"wp-image-7572\"\/><\/figure>\n<\/div>\n\n\n<p class=\"has-text-align-center\"><strong><strong>Calvin Klein<\/strong><\/strong><\/p>\n<\/div>\n\n\n\n<div class=\"wp-block-column is-layout-flow wp-block-column-is-layout-flow\"><div class=\"wp-block-image is-style-default\">\n<figure class=\"aligncenter\"><img decoding=\"async\" src=\"https:\/\/hungariancitizenship.eu\/wp-content\/uploads\/2021\/08\/star.png\" alt=\"\" class=\"wp-image-7572\"\/><\/figure>\n<\/div>\n\n\n<p class=\"has-text-align-center\"><strong><strong>Drew Barrymore<\/strong><\/strong><\/p>\n<\/div>\n\n\n\n<div class=\"wp-block-column is-layout-flow wp-block-column-is-layout-flow\"><div class=\"wp-block-image is-style-default\">\n<figure class=\"aligncenter\"><img decoding=\"async\" src=\"https:\/\/hungariancitizenship.eu\/wp-content\/uploads\/2021\/08\/star.png\" alt=\"\" class=\"wp-image-7572\"\/><\/figure>\n<\/div>\n\n\n<p class=\"has-text-align-center\"><strong><strong>Gene Simmons<\/strong><\/strong><\/p>\n<\/div>\n<\/div>\n<\/div>\n<\/div>\n","protected":false},"excerpt":{"rendered":"<p>A felsoroltakon k\u00edv\u00fcl sz\u00e1mos olyan h\u00edress\u00e9g van, aki magyar gy\u00f6kerekkel rendelkezik. H\u00e1nyr\u00f3l tudta, hogy Magyarorsz\u00e1gr\u00f3l sz\u00e1rmaznak? &nbsp;Edith Eva Eger Tony Curtis Feldm\u00e1r Andr\u00e1s Lisa Kudrow Goldie Hawn Alanis Morisette Calvin Klein Drew Barrymore Gene Simmons<\/p>\n","protected":false},"author":4,"featured_media":0,"parent":0,"menu_order":0,"comment_status":"closed","ping_status":"closed","template":"page-famous-hungarians.php","meta":{"footnotes":""},"class_list":["post-12817","page","type-page","status-publish","hentry"],"yoast_head":"<!-- This site is optimized with the Yoast SEO plugin v27.1.1 - https:\/\/yoast.com\/product\/yoast-seo-wordpress\/ -->\n<title>H\u00edres magyarok - Hungarian Citizenship<\/title>\n<meta name=\"description\" content=\"Biztosak vagyunk benne, hogy sz\u00e1mos h\u00edres magyar neve ismer\u0151s lehet \u00d6nnek \u2013 m\u00e9g akkor is, ha eddig nem tudta, hogy magyarok. Kik \u0151k? N\u00e9zze meg list\u00e1nkat!\" \/>\n<meta name=\"robots\" content=\"index, follow, max-snippet:-1, max-image-preview:large, max-video-preview:-1\" \/>\n<link rel=\"canonical\" href=\"https:\/\/hungariancitizenship.eu\/hu\/famous-hungarians\/\" \/>\n<meta property=\"og:locale\" content=\"hu_HU\" \/>\n<meta property=\"og:type\" content=\"article\" \/>\n<meta property=\"og:title\" content=\"H\u00edres magyarok - Hungarian Citizenship\" \/>\n<meta property=\"og:description\" content=\"Biztosak vagyunk benne, hogy sz\u00e1mos h\u00edres magyar neve ismer\u0151s lehet \u00d6nnek \u2013 m\u00e9g akkor is, ha eddig nem tudta, hogy magyarok. Kik \u0151k? N\u00e9zze meg list\u00e1nkat!\" \/>\n<meta property=\"og:url\" content=\"https:\/\/hungariancitizenship.eu\/hu\/famous-hungarians\/\" \/>\n<meta property=\"og:site_name\" content=\"Hungarian Citizenship\" \/>\n<meta property=\"article:modified_time\" content=\"2024-11-21T10:51:54+00:00\" \/>\n<meta name=\"twitter:card\" content=\"summary_large_image\" \/>\n<meta name=\"twitter:label1\" content=\"Becs\u00fclt olvas\u00e1si id\u0151\" \/>\n\t<meta name=\"twitter:data1\" content=\"2 perc\" \/>\n<script type=\"application\/ld+json\" class=\"yoast-schema-graph\">{\"@context\":\"https:\/\/schema.org\",\"@graph\":[{\"@type\":\"WebPage\",\"@id\":\"https:\/\/hungariancitizenship.eu\/hu\/famous-hungarians\/\",\"url\":\"https:\/\/hungariancitizenship.eu\/hu\/famous-hungarians\/\",\"name\":\"H\u00edres magyarok - Hungarian Citizenship\",\"isPartOf\":{\"@id\":\"https:\/\/hungariancitizenship.eu\/#website\"},\"primaryImageOfPage\":{\"@id\":\"https:\/\/hungariancitizenship.eu\/hu\/famous-hungarians\/#primaryimage\"},\"image\":{\"@id\":\"https:\/\/hungariancitizenship.eu\/hu\/famous-hungarians\/#primaryimage\"},\"thumbnailUrl\":\"https:\/\/hungariancitizenship.eu\/wp-content\/uploads\/2021\/08\/star.png\",\"datePublished\":\"2024-07-19T14:39:49+00:00\",\"dateModified\":\"2024-11-21T10:51:54+00:00\",\"description\":\"Biztosak vagyunk benne, hogy sz\u00e1mos h\u00edres magyar neve ismer\u0151s lehet \u00d6nnek \u2013 m\u00e9g akkor is, ha eddig nem tudta, hogy magyarok. Kik \u0151k? N\u00e9zze meg list\u00e1nkat!\",\"breadcrumb\":{\"@id\":\"https:\/\/hungariancitizenship.eu\/hu\/famous-hungarians\/#breadcrumb\"},\"inLanguage\":\"hu\",\"potentialAction\":[{\"@type\":\"ReadAction\",\"target\":[\"https:\/\/hungariancitizenship.eu\/hu\/famous-hungarians\/\"]}]},{\"@type\":\"ImageObject\",\"inLanguage\":\"hu\",\"@id\":\"https:\/\/hungariancitizenship.eu\/hu\/famous-hungarians\/#primaryimage\",\"url\":\"https:\/\/hungariancitizenship.eu\/wp-content\/uploads\/2021\/08\/star.png\",\"contentUrl\":\"https:\/\/hungariancitizenship.eu\/wp-content\/uploads\/2021\/08\/star.png\"},{\"@type\":\"BreadcrumbList\",\"@id\":\"https:\/\/hungariancitizenship.eu\/hu\/famous-hungarians\/#breadcrumb\",\"itemListElement\":[{\"@type\":\"ListItem\",\"position\":1,\"name\":\"Home\",\"item\":\"https:\/\/hungariancitizenship.eu\/hu\/\"},{\"@type\":\"ListItem\",\"position\":2,\"name\":\"H\u00edres magyarok\"}]},{\"@type\":\"WebSite\",\"@id\":\"https:\/\/hungariancitizenship.eu\/#website\",\"url\":\"https:\/\/hungariancitizenship.eu\/\",\"name\":\"Hungarian Citizenship\",\"description\":\"\",\"potentialAction\":[{\"@type\":\"SearchAction\",\"target\":{\"@type\":\"EntryPoint\",\"urlTemplate\":\"https:\/\/hungariancitizenship.eu\/?s={search_term_string}\"},\"query-input\":{\"@type\":\"PropertyValueSpecification\",\"valueRequired\":true,\"valueName\":\"search_term_string\"}}],\"inLanguage\":\"hu\"}]}<\/script>\n<!-- \/ Yoast SEO plugin. -->","yoast_head_json":{"title":"H\u00edres magyarok - Hungarian Citizenship","description":"Biztosak vagyunk benne, hogy sz\u00e1mos h\u00edres magyar neve ismer\u0151s lehet \u00d6nnek \u2013 m\u00e9g akkor is, ha eddig nem tudta, hogy magyarok. Kik \u0151k? N\u00e9zze meg list\u00e1nkat!","robots":{"index":"index","follow":"follow","max-snippet":"max-snippet:-1","max-image-preview":"max-image-preview:large","max-video-preview":"max-video-preview:-1"},"canonical":"https:\/\/hungariancitizenship.eu\/hu\/famous-hungarians\/","og_locale":"hu_HU","og_type":"article","og_title":"H\u00edres magyarok - Hungarian Citizenship","og_description":"Biztosak vagyunk benne, hogy sz\u00e1mos h\u00edres magyar neve ismer\u0151s lehet \u00d6nnek \u2013 m\u00e9g akkor is, ha eddig nem tudta, hogy magyarok. Kik \u0151k? N\u00e9zze meg list\u00e1nkat!","og_url":"https:\/\/hungariancitizenship.eu\/hu\/famous-hungarians\/","og_site_name":"Hungarian Citizenship","article_modified_time":"2024-11-21T10:51:54+00:00","twitter_card":"summary_large_image","twitter_misc":{"Becs\u00fclt olvas\u00e1si id\u0151":"2 perc"},"schema":{"@context":"https:\/\/schema.org","@graph":[{"@type":"WebPage","@id":"https:\/\/hungariancitizenship.eu\/hu\/famous-hungarians\/","url":"https:\/\/hungariancitizenship.eu\/hu\/famous-hungarians\/","name":"H\u00edres magyarok - Hungarian Citizenship","isPartOf":{"@id":"https:\/\/hungariancitizenship.eu\/#website"},"primaryImageOfPage":{"@id":"https:\/\/hungariancitizenship.eu\/hu\/famous-hungarians\/#primaryimage"},"image":{"@id":"https:\/\/hungariancitizenship.eu\/hu\/famous-hungarians\/#primaryimage"},"thumbnailUrl":"https:\/\/hungariancitizenship.eu\/wp-content\/uploads\/2021\/08\/star.png","datePublished":"2024-07-19T14:39:49+00:00","dateModified":"2024-11-21T10:51:54+00:00","description":"Biztosak vagyunk benne, hogy sz\u00e1mos h\u00edres magyar neve ismer\u0151s lehet \u00d6nnek \u2013 m\u00e9g akkor is, ha eddig nem tudta, hogy magyarok. Kik \u0151k? N\u00e9zze meg list\u00e1nkat!","breadcrumb":{"@id":"https:\/\/hungariancitizenship.eu\/hu\/famous-hungarians\/#breadcrumb"},"inLanguage":"hu","potentialAction":[{"@type":"ReadAction","target":["https:\/\/hungariancitizenship.eu\/hu\/famous-hungarians\/"]}]},{"@type":"ImageObject","inLanguage":"hu","@id":"https:\/\/hungariancitizenship.eu\/hu\/famous-hungarians\/#primaryimage","url":"https:\/\/hungariancitizenship.eu\/wp-content\/uploads\/2021\/08\/star.png","contentUrl":"https:\/\/hungariancitizenship.eu\/wp-content\/uploads\/2021\/08\/star.png"},{"@type":"BreadcrumbList","@id":"https:\/\/hungariancitizenship.eu\/hu\/famous-hungarians\/#breadcrumb","itemListElement":[{"@type":"ListItem","position":1,"name":"Home","item":"https:\/\/hungariancitizenship.eu\/hu\/"},{"@type":"ListItem","position":2,"name":"H\u00edres magyarok"}]},{"@type":"WebSite","@id":"https:\/\/hungariancitizenship.eu\/#website","url":"https:\/\/hungariancitizenship.eu\/","name":"Hungarian Citizenship","description":"","potentialAction":[{"@type":"SearchAction","target":{"@type":"EntryPoint","urlTemplate":"https:\/\/hungariancitizenship.eu\/?s={search_term_string}"},"query-input":{"@type":"PropertyValueSpecification","valueRequired":true,"valueName":"search_term_string"}}],"inLanguage":"hu"}]}},"_links":{"self":[{"href":"https:\/\/hungariancitizenship.eu\/hu\/wp-json\/wp\/v2\/pages\/12817","targetHints":{"allow":["GET"]}}],"collection":[{"href":"https:\/\/hungariancitizenship.eu\/hu\/wp-json\/wp\/v2\/pages"}],"about":[{"href":"https:\/\/hungariancitizenship.eu\/hu\/wp-json\/wp\/v2\/types\/page"}],"author":[{"embeddable":true,"href":"https:\/\/hungariancitizenship.eu\/hu\/wp-json\/wp\/v2\/users\/4"}],"replies":[{"embeddable":true,"href":"https:\/\/hungariancitizenship.eu\/hu\/wp-json\/wp\/v2\/comments?post=12817"}],"version-history":[{"count":2,"href":"https:\/\/hungariancitizenship.eu\/hu\/wp-json\/wp\/v2\/pages\/12817\/revisions"}],"predecessor-version":[{"id":12819,"href":"https:\/\/hungariancitizenship.eu\/hu\/wp-json\/wp\/v2\/pages\/12817\/revisions\/12819"}],"wp:attachment":[{"href":"https:\/\/hungariancitizenship.eu\/hu\/wp-json\/wp\/v2\/media?parent=12817"}],"curies":[{"name":"wp","href":"https:\/\/api.w.org\/{rel}","templated":true}]}}