{"id":12312,"date":"2024-09-24T11:08:33","date_gmt":"2024-09-24T11:08:33","guid":{"rendered":"https:\/\/hungariancitizenship.eu\/category\/"},"modified":"2024-11-13T10:27:53","modified_gmt":"2024-11-13T10:27:53","slug":"category","status":"publish","type":"page","link":"https:\/\/hungariancitizenship.eu\/hu\/category\/","title":{"rendered":"Blog Category"},"content":{"rendered":"\n<div class=\"dynamic-header   \">\n\n\t\n\t<div class=\"container\">\n\n\t\t<div class=\"dynamic-header__wrapper\">\n\n\t\t\t\n<!--\t\t\t\t<div class=\"dynamic-header__label-wrapper\">\n\n\t\t\t\t\t<div class=\"dynamic-header__label dynamic-header__label--single\"><\/div>\n\n\t\t\t\t\t<div class=\"dynamic-header__label-category\"><\/div>\n\n\t\t\t\t<\/div>\n -->\n\t\t\t\n\t\t\t<div class=\"dynamic-header__content row\">\n\n\t\t\t\t<h1 class=\"dynamic-header__title direction col-lg-5\">Minden a magyar \u00e1llam\u00adpolg\u00e1rs\u00e1gr\u00f3l<\/h1>\n\n\t\t\t\t<div class=\"dynamic-header__description direction col-lg-5\"><p>Blogunkban nemcsak a magyar \u00e1llampolg\u00e1rs\u00e1g megszerz\u00e9s\u00e9hez szorosan kapcsol\u00f3d\u00f3 t\u00e9m\u00e1kr\u00f3l \u00edrunk, hanem a magyar szok\u00e1sokr\u00f3l, hagyom\u00e1nyokr\u00f3l, \u00e9s \u00e1ltal\u00e1ban az itteni \u00e9letr\u0151l is. N\u00e9zzen k\u00f6r\u00fcl, \u00e9s ismerkedjen meg csal\u00e1dja kult\u00far\u00e1j\u00e1val! <br \/>\r\n<br \/>\r\nAngol nyelv\u0171 blogunkban tov\u00e1bbi cikkeket tal\u00e1l. <a class=\"button button--primary hero__button\" href=\"\/blog\">Kattintson ide!<\/a><\/p><\/div>\n\n\t\t\t<\/div>\n\n\t\t<\/div>\n\n\t<\/div>\n\n<\/div>\n\n<div class=\"posts-block\">\n\n\t<div class=\"container\">\n\n\t\n\t\t\n<div class=\"facetwp-pager\">\n<\/div>\n\n\t<\/div>\n\n<\/div>\n\n\n\n<div class=\"wp-block-buttons is-content-justification-right is-layout-flex wp-container-core-buttons-is-layout-765c4724 wp-block-buttons-is-layout-flex\">\n<div class=\"wp-block-button\"><a class=\"wp-block-button__link wp-element-button\" href=\"\/blog\">Tov\u00e1bb az angol nyelv\u0171 cikkekhez<\/a><\/div>\n<\/div>\n","protected":false},"excerpt":{"rendered":"","protected":false},"author":3,"featured_media":0,"parent":0,"menu_order":0,"comment_status":"closed","ping_status":"closed","template":"page-blog.php","meta":{"footnotes":""},"class_list":["post-12312","page","type-page","status-publish","hentry"],"yoast_head":"<!-- This site is optimized with the Yoast SEO plugin v27.4 - https:\/\/yoast.com\/product\/yoast-seo-wordpress\/ -->\n<title>Blog Category - Hungarian Citizenship<\/title>\n<meta name=\"robots\" content=\"index, follow, max-snippet:-1, max-image-preview:large, max-video-preview:-1\" \/>\n<link rel=\"canonical\" href=\"https:\/\/hungariancitizenship.eu\/hu\/category\/\" \/>\n<meta property=\"og:locale\" content=\"hu_HU\" \/>\n<meta property=\"og:type\" content=\"article\" \/>\n<meta property=\"og:title\" content=\"Blog Category - Hungarian Citizenship\" \/>\n<meta property=\"og:url\" content=\"https:\/\/hungariancitizenship.eu\/hu\/category\/\" \/>\n<meta property=\"og:site_name\" content=\"Hungarian Citizenship\" \/>\n<meta property=\"article:modified_time\" content=\"2024-11-13T10:27:53+00:00\" \/>\n<meta name=\"twitter:card\" content=\"summary_large_image\" \/>\n<meta name=\"twitter:label1\" content=\"Becs\u00fclt olvas\u00e1si id\u0151\" \/>\n\t<meta name=\"twitter:data1\" content=\"1 perc\" \/>\n<script type=\"application\/ld+json\" class=\"yoast-schema-graph\">{\"@context\":\"https:\\\/\\\/schema.org\",\"@graph\":[{\"@type\":\"WebPage\",\"@id\":\"https:\\\/\\\/hungariancitizenship.eu\\\/hu\\\/category\\\/\",\"url\":\"https:\\\/\\\/hungariancitizenship.eu\\\/hu\\\/category\\\/\",\"name\":\"Blog Category - Hungarian Citizenship\",\"isPartOf\":{\"@id\":\"https:\\\/\\\/hungariancitizenship.eu\\\/#website\"},\"datePublished\":\"2024-09-24T11:08:33+00:00\",\"dateModified\":\"2024-11-13T10:27:53+00:00\",\"breadcrumb\":{\"@id\":\"https:\\\/\\\/hungariancitizenship.eu\\\/hu\\\/category\\\/#breadcrumb\"},\"inLanguage\":\"hu\",\"potentialAction\":[{\"@type\":\"ReadAction\",\"target\":[\"https:\\\/\\\/hungariancitizenship.eu\\\/hu\\\/category\\\/\"]}]},{\"@type\":\"BreadcrumbList\",\"@id\":\"https:\\\/\\\/hungariancitizenship.eu\\\/hu\\\/category\\\/#breadcrumb\",\"itemListElement\":[{\"@type\":\"ListItem\",\"position\":1,\"name\":\"Home\",\"item\":\"https:\\\/\\\/hungariancitizenship.eu\\\/hu\\\/\"},{\"@type\":\"ListItem\",\"position\":2,\"name\":\"Blog Category\"}]},{\"@type\":\"WebSite\",\"@id\":\"https:\\\/\\\/hungariancitizenship.eu\\\/#website\",\"url\":\"https:\\\/\\\/hungariancitizenship.eu\\\/\",\"name\":\"Hungarian Citizenship\",\"description\":\"\",\"potentialAction\":[{\"@type\":\"SearchAction\",\"target\":{\"@type\":\"EntryPoint\",\"urlTemplate\":\"https:\\\/\\\/hungariancitizenship.eu\\\/?s={search_term_string}\"},\"query-input\":{\"@type\":\"PropertyValueSpecification\",\"valueRequired\":true,\"valueName\":\"search_term_string\"}}],\"inLanguage\":\"hu\"}]}<\/script>\n<!-- \/ Yoast SEO plugin. -->","yoast_head_json":{"title":"Blog Category - Hungarian Citizenship","robots":{"index":"index","follow":"follow","max-snippet":"max-snippet:-1","max-image-preview":"max-image-preview:large","max-video-preview":"max-video-preview:-1"},"canonical":"https:\/\/hungariancitizenship.eu\/hu\/category\/","og_locale":"hu_HU","og_type":"article","og_title":"Blog Category - Hungarian Citizenship","og_url":"https:\/\/hungariancitizenship.eu\/hu\/category\/","og_site_name":"Hungarian Citizenship","article_modified_time":"2024-11-13T10:27:53+00:00","twitter_card":"summary_large_image","twitter_misc":{"Becs\u00fclt olvas\u00e1si id\u0151":"1 perc"},"schema":{"@context":"https:\/\/schema.org","@graph":[{"@type":"WebPage","@id":"https:\/\/hungariancitizenship.eu\/hu\/category\/","url":"https:\/\/hungariancitizenship.eu\/hu\/category\/","name":"Blog Category - Hungarian Citizenship","isPartOf":{"@id":"https:\/\/hungariancitizenship.eu\/#website"},"datePublished":"2024-09-24T11:08:33+00:00","dateModified":"2024-11-13T10:27:53+00:00","breadcrumb":{"@id":"https:\/\/hungariancitizenship.eu\/hu\/category\/#breadcrumb"},"inLanguage":"hu","potentialAction":[{"@type":"ReadAction","target":["https:\/\/hungariancitizenship.eu\/hu\/category\/"]}]},{"@type":"BreadcrumbList","@id":"https:\/\/hungariancitizenship.eu\/hu\/category\/#breadcrumb","itemListElement":[{"@type":"ListItem","position":1,"name":"Home","item":"https:\/\/hungariancitizenship.eu\/hu\/"},{"@type":"ListItem","position":2,"name":"Blog Category"}]},{"@type":"WebSite","@id":"https:\/\/hungariancitizenship.eu\/#website","url":"https:\/\/hungariancitizenship.eu\/","name":"Hungarian Citizenship","description":"","potentialAction":[{"@type":"SearchAction","target":{"@type":"EntryPoint","urlTemplate":"https:\/\/hungariancitizenship.eu\/?s={search_term_string}"},"query-input":{"@type":"PropertyValueSpecification","valueRequired":true,"valueName":"search_term_string"}}],"inLanguage":"hu"}]}},"_links":{"self":[{"href":"https:\/\/hungariancitizenship.eu\/hu\/wp-json\/wp\/v2\/pages\/12312","targetHints":{"allow":["GET"]}}],"collection":[{"href":"https:\/\/hungariancitizenship.eu\/hu\/wp-json\/wp\/v2\/pages"}],"about":[{"href":"https:\/\/hungariancitizenship.eu\/hu\/wp-json\/wp\/v2\/types\/page"}],"author":[{"embeddable":true,"href":"https:\/\/hungariancitizenship.eu\/hu\/wp-json\/wp\/v2\/users\/3"}],"replies":[{"embeddable":true,"href":"https:\/\/hungariancitizenship.eu\/hu\/wp-json\/wp\/v2\/comments?post=12312"}],"version-history":[{"count":3,"href":"https:\/\/hungariancitizenship.eu\/hu\/wp-json\/wp\/v2\/pages\/12312\/revisions"}],"predecessor-version":[{"id":12728,"href":"https:\/\/hungariancitizenship.eu\/hu\/wp-json\/wp\/v2\/pages\/12312\/revisions\/12728"}],"wp:attachment":[{"href":"https:\/\/hungariancitizenship.eu\/hu\/wp-json\/wp\/v2\/media?parent=12312"}],"curies":[{"name":"wp","href":"https:\/\/api.w.org\/{rel}","templated":true}]}}