{"id":12313,"date":"2024-09-24T11:08:33","date_gmt":"2024-09-24T11:08:33","guid":{"rendered":"https:\/\/hungariancitizenship.eu\/category\/"},"modified":"2024-11-06T13:47:03","modified_gmt":"2024-11-06T13:47:03","slug":"category","status":"publish","type":"page","link":"https:\/\/hungariancitizenship.eu\/es\/category\/","title":{"rendered":"Blog Category"},"content":{"rendered":"\n<div class=\"dynamic-header   \">\n\n\t\n\t<div class=\"container\">\n\n\t\t<div class=\"dynamic-header__wrapper\">\n\n\t\t\t\n<!--\t\t\t\t<div class=\"dynamic-header__label-wrapper\">\n\n\t\t\t\t\t<div class=\"dynamic-header__label dynamic-header__label--single\"><\/div>\n\n\t\t\t\t\t<div class=\"dynamic-header__label-category\"><\/div>\n\n\t\t\t\t<\/div>\n -->\n\t\t\t\n\t\t\t<div class=\"dynamic-header__content row\">\n\n\t\t\t\t<h1 class=\"dynamic-header__title direction col-lg-5\">Todo sobre convertirse en ciudadano h\u00fangaro<\/h1>\n\n\t\t\t\t<div class=\"dynamic-header__description direction col-lg-5\"><p>En nuestro blog no solo le ofrecemos informaci\u00f3n sobre los distintos aspectos de la solicitad de la nacionalidad h\u00fangara, sino tambi\u00e9n sobre la vida, costumbres y tradiciones del pa\u00eds. Eche un vistazo y ac\u00e9rquese a sus ra\u00edces h\u00fangaras.<br \/>\r\n<br \/>\r\nSi quiere leer otros art\u00edculos, visite el Blog en ingl\u00e9s. <br \/>\r\n<a class=\"button button--primary hero__button\" href=\"\/blog\">Haga clic aqu\u00ed.<\/a><\/p><\/div>\n\n\t\t\t<\/div>\n\n\t\t<\/div>\n\n\t<\/div>\n\n<\/div>\n\n<div class=\"posts-block\">\n\n\t<div class=\"container\">\n\n\t\n\t\t\n\t\t\t<span class=\"posts-block__categories-label\">Categories<\/span>\n\n\t\t\t\t\t\t<div class=\"facetwp-facet facetwp-facet-categories facetwp-type-radio\" data-name=\"categories\" data-type=\"radio\">\n\t\t\t\t\n\t<li class=\"cat-item cat-item-62\"><a href=\"https:\/\/hungariancitizenship.eu\/es\/blog\/category\/cultura\/\">Cultura<\/a>\n<\/li>\n\t<li class=\"cat-item cat-item-66\"><a href=\"https:\/\/hungariancitizenship.eu\/es\/blog\/category\/familia\/\">Familia<\/a>\n<\/li>\n\t\t\t\n\t\t\t<\/div>\n\t\t\t<div class=\"posts-block__categories-mobile-menu\">\n\t\t\t\t<div class=\"posts-block__categories-mobile-menu--label\">More categories<\/div>\n\t\t\t\t<div class=\"posts-block__categories-mobile-menu--inner\"><\/div>\n\t\t\t<\/div>\n\n\t\t\t<div class=\"posts-block__post-wrapper\">\n\n\t\t\t\t\n\t\t\t\t\t\t\n<div class=\"featured-post-card row\">\n\n\t<div class=\"featured-post-card__image-wrapper col-lg-5\">\n\n    <a href=\"https:\/\/hungariancitizenship.eu\/es\/entrevista-al-cliente-el-patrimonio-hungaro-de-sidney\/\">\n\n\t\t<img loading=\"lazy\" decoding=\"async\" width=\"1024\" height=\"680\" src=\"https:\/\/hungariancitizenship.eu\/wp-content\/uploads\/2022\/04\/hungarian-citizenship-application-1024x680.jpg\" class=\" featured-post-card__image  wp-post-image\" alt=\"Post featured image\" srcset=\"https:\/\/hungariancitizenship.eu\/wp-content\/uploads\/2022\/04\/hungarian-citizenship-application-1024x680.jpg 1024w, https:\/\/hungariancitizenship.eu\/wp-content\/uploads\/2022\/04\/hungarian-citizenship-application-300x199.jpg 300w, https:\/\/hungariancitizenship.eu\/wp-content\/uploads\/2022\/04\/hungarian-citizenship-application-768x510.jpg 768w, https:\/\/hungariancitizenship.eu\/wp-content\/uploads\/2022\/04\/hungarian-citizenship-application.jpg 1280w\" sizes=\"auto, (max-width: 1024px) 100vw, 1024px\" \/>\n    <\/a>\n\n\t<\/div>\n\n\t<div class=\"featured-post-card__post-content direction col-lg-7\">\n    \n\t\t<a href=\"https:\/\/hungariancitizenship.eu\/es\/entrevista-al-cliente-el-patrimonio-hungaro-de-sidney\/\" class=\"featured-post-card__post-title\">Entrevista al cliente: el patrimonio h\u00fangaro de Sidney<\/a>\n\n\t\t<div class=\"featured-post-card__post-details\">\n      lunes, 21 junio, 2021 <span class=\"single-post__category\"><a href=\"https:\/\/hungariancitizenship.eu\/es\/blog\/category\/familia\/\" rel=\"category tag\">Familia<\/a><\/span>\n    <\/div>\n\n\t\t<div class=\"featured-post-card__post-excerpt\">Para muchos, 2020 fue un a\u00f1o de reflexi\u00f3n. Sidney, por ejemplo, pasaba mucho tiempo pensando en su ascendencia h\u00fangara y se volvi\u00f3 interesado en obtener la ciudadan\u00eda h\u00fangara. Por lo tanto, se puso en contacto con Helpers Hungary para convertirse en ciudadano h\u00fangaro. Tras su entrevista en el consulado h\u00fangaro, convers\u00f3 con nuestra gestora de cuentas Barbara sobre sus familiares en Hungr\u00eda, sus razones para pedir la ciudadan\u00eda h\u00fangara y sus experiencias con la entrega de su solicitud.<\/div>\n\n\t\t\t\t\t<a href=\"https:\/\/hungariancitizenship.eu\/es\/entrevista-al-cliente-el-patrimonio-hungaro-de-sidney\/\" class=\"button button--read-more\">Leer m\u00e1s<\/a>\n\t\t\n\n\t<\/div>\n\n<\/div>\n\n\t\t\t\t\n\t\t\t\t\t\t\n<div class=\"featured-post-card row\">\n\n\t<div class=\"featured-post-card__image-wrapper col-lg-5\">\n\n    <a href=\"https:\/\/hungariancitizenship.eu\/es\/ciudadania-hungara-para-hungaros-etnicos\/\">\n\n\t\t<img loading=\"lazy\" decoding=\"async\" width=\"1024\" height=\"680\" src=\"https:\/\/hungariancitizenship.eu\/wp-content\/uploads\/2022\/04\/citizenship-ethnic-hungarians-1024x680.jpg\" class=\" featured-post-card__image  wp-post-image\" alt=\"Post featured image\" srcset=\"https:\/\/hungariancitizenship.eu\/wp-content\/uploads\/2022\/04\/citizenship-ethnic-hungarians-1024x680.jpg 1024w, https:\/\/hungariancitizenship.eu\/wp-content\/uploads\/2022\/04\/citizenship-ethnic-hungarians-300x199.jpg 300w, https:\/\/hungariancitizenship.eu\/wp-content\/uploads\/2022\/04\/citizenship-ethnic-hungarians-768x510.jpg 768w, https:\/\/hungariancitizenship.eu\/wp-content\/uploads\/2022\/04\/citizenship-ethnic-hungarians.jpg 1280w\" sizes=\"auto, (max-width: 1024px) 100vw, 1024px\" \/>\n    <\/a>\n\n\t<\/div>\n\n\t<div class=\"featured-post-card__post-content direction col-lg-7\">\n    \n\t\t<a href=\"https:\/\/hungariancitizenship.eu\/es\/ciudadania-hungara-para-hungaros-etnicos\/\" class=\"featured-post-card__post-title\">Ciudadan\u00eda h\u00fangara para h\u00fangaros \u00e9tnicos<\/a>\n\n\t\t<div class=\"featured-post-card__post-details\">\n      lunes, 14 junio, 2021 <span class=\"single-post__category\"><a href=\"https:\/\/hungariancitizenship.eu\/es\/blog\/category\/familia\/\" rel=\"category tag\">Familia<\/a><\/span>\n    <\/div>\n\n\t\t<div class=\"featured-post-card__post-excerpt\">Aunque los h\u00fangaros no son una naci\u00f3n poblada, uno puede encontrarnos en todos los rincones del mundo. En el siglo 20, la gente abandonaba el pa\u00eds para refugiarse de las guerras \u2013 hoy, lo hace sobre todo para estudiar o trabajar en el extranjero. No obstante, existen muchas razones para venir a Hungr\u00eda tambi\u00e9n y la mayor\u00eda de los h\u00fangaros \u00e9tnicos pueden solicitar la ciudadan\u00eda h\u00fangara.<\/div>\n\n\t\t\t\t\t<a href=\"https:\/\/hungariancitizenship.eu\/es\/ciudadania-hungara-para-hungaros-etnicos\/\" class=\"button button--read-more\">Leer m\u00e1s<\/a>\n\t\t\n\n\t<\/div>\n\n<\/div>\n\n\t\t\t\t\n\t\t\t\t\t\t\n<div class=\"featured-post-card row\">\n\n\t<div class=\"featured-post-card__image-wrapper col-lg-5\">\n\n    <a href=\"https:\/\/hungariancitizenship.eu\/es\/cumpleanos-de-attila-jozsef-el-dia-de-poesia-hungara\/\">\n\n\t\t<img loading=\"lazy\" decoding=\"async\" width=\"1024\" height=\"680\" src=\"https:\/\/hungariancitizenship.eu\/wp-content\/uploads\/2022\/04\/april-11-day-of-hungarian-poetry-1024x680.jpg\" class=\" featured-post-card__image  wp-post-image\" alt=\"Post featured image\" srcset=\"https:\/\/hungariancitizenship.eu\/wp-content\/uploads\/2022\/04\/april-11-day-of-hungarian-poetry-1024x680.jpg 1024w, https:\/\/hungariancitizenship.eu\/wp-content\/uploads\/2022\/04\/april-11-day-of-hungarian-poetry-300x199.jpg 300w, https:\/\/hungariancitizenship.eu\/wp-content\/uploads\/2022\/04\/april-11-day-of-hungarian-poetry-768x510.jpg 768w, https:\/\/hungariancitizenship.eu\/wp-content\/uploads\/2022\/04\/april-11-day-of-hungarian-poetry.jpg 1280w\" sizes=\"auto, (max-width: 1024px) 100vw, 1024px\" \/>\n    <\/a>\n\n\t<\/div>\n\n\t<div class=\"featured-post-card__post-content direction col-lg-7\">\n    \n\t\t<a href=\"https:\/\/hungariancitizenship.eu\/es\/cumpleanos-de-attila-jozsef-el-dia-de-poesia-hungara\/\" class=\"featured-post-card__post-title\">Cumplea\u00f1os de Attila J\u00f3zsef: el D\u00eda de Poes\u00eda H\u00fangara<\/a>\n\n\t\t<div class=\"featured-post-card__post-details\">\n      viernes, 16 abril, 2021 <span class=\"single-post__category\"><a href=\"https:\/\/hungariancitizenship.eu\/es\/blog\/category\/cultura\/\" rel=\"category tag\">Cultura<\/a><\/span>\n    <\/div>\n\n\t\t<div class=\"featured-post-card__post-excerpt\">El domingo fue el 11 de abril, el cumplea\u00f1os del poeta Attila J\u00f3zsef y el D\u00eda de la Poes\u00eda H\u00fangara. Normalmente, este d\u00eda se celebra con eventos culturales como recitales de poes\u00eda, presentaciones de libros, y algunos caf\u00e9s le permiten pagar con un poema en vez de dinero. En este art\u00edculo, contamos la historia del D\u00eda de la Poes\u00eda H\u00fangara y tambi\u00e9n comentamos c\u00f3mo se celebr\u00f3 este a\u00f1o.<\/div>\n\n\t\t\t\t\t<a href=\"https:\/\/hungariancitizenship.eu\/es\/cumpleanos-de-attila-jozsef-el-dia-de-poesia-hungara\/\" class=\"button button--read-more\">Leer m\u00e1s<\/a>\n\t\t\n\n\t<\/div>\n\n<\/div>\n\n\t\t\t\t\n\t\t\t<\/div>\n\n\n\t\t\n<div class=\"facetwp-pager\">\n<\/div>\n\n\t<\/div>\n\n<\/div>\n","protected":false},"excerpt":{"rendered":"","protected":false},"author":3,"featured_media":0,"parent":0,"menu_order":0,"comment_status":"closed","ping_status":"closed","template":"page-blog.php","meta":{"footnotes":""},"class_list":["post-12313","page","type-page","status-publish","hentry"],"yoast_head":"<!-- This site is optimized with the Yoast SEO plugin v27.1.1 - https:\/\/yoast.com\/product\/yoast-seo-wordpress\/ -->\n<title>Blog Category - Hungarian Citizenship<\/title>\n<meta name=\"robots\" content=\"index, follow, max-snippet:-1, max-image-preview:large, max-video-preview:-1\" \/>\n<link rel=\"canonical\" href=\"https:\/\/hungariancitizenship.eu\/es\/category\/\" \/>\n<meta property=\"og:locale\" content=\"es_ES\" \/>\n<meta property=\"og:type\" content=\"article\" \/>\n<meta property=\"og:title\" content=\"Blog Category - Hungarian Citizenship\" \/>\n<meta property=\"og:url\" content=\"https:\/\/hungariancitizenship.eu\/es\/category\/\" \/>\n<meta property=\"og:site_name\" content=\"Hungarian Citizenship\" \/>\n<meta property=\"article:modified_time\" content=\"2024-11-06T13:47:03+00:00\" \/>\n<meta name=\"twitter:card\" content=\"summary_large_image\" \/>\n<script type=\"application\/ld+json\" class=\"yoast-schema-graph\">{\"@context\":\"https:\/\/schema.org\",\"@graph\":[{\"@type\":\"WebPage\",\"@id\":\"https:\/\/hungariancitizenship.eu\/es\/category\/\",\"url\":\"https:\/\/hungariancitizenship.eu\/es\/category\/\",\"name\":\"Blog Category - Hungarian Citizenship\",\"isPartOf\":{\"@id\":\"https:\/\/hungariancitizenship.eu\/#website\"},\"datePublished\":\"2024-09-24T11:08:33+00:00\",\"dateModified\":\"2024-11-06T13:47:03+00:00\",\"breadcrumb\":{\"@id\":\"https:\/\/hungariancitizenship.eu\/es\/category\/#breadcrumb\"},\"inLanguage\":\"es\",\"potentialAction\":[{\"@type\":\"ReadAction\",\"target\":[\"https:\/\/hungariancitizenship.eu\/es\/category\/\"]}]},{\"@type\":\"BreadcrumbList\",\"@id\":\"https:\/\/hungariancitizenship.eu\/es\/category\/#breadcrumb\",\"itemListElement\":[{\"@type\":\"ListItem\",\"position\":1,\"name\":\"Home\",\"item\":\"https:\/\/hungariancitizenship.eu\/es\/\"},{\"@type\":\"ListItem\",\"position\":2,\"name\":\"Blog Category\"}]},{\"@type\":\"WebSite\",\"@id\":\"https:\/\/hungariancitizenship.eu\/#website\",\"url\":\"https:\/\/hungariancitizenship.eu\/\",\"name\":\"Hungarian Citizenship\",\"description\":\"\",\"potentialAction\":[{\"@type\":\"SearchAction\",\"target\":{\"@type\":\"EntryPoint\",\"urlTemplate\":\"https:\/\/hungariancitizenship.eu\/?s={search_term_string}\"},\"query-input\":{\"@type\":\"PropertyValueSpecification\",\"valueRequired\":true,\"valueName\":\"search_term_string\"}}],\"inLanguage\":\"es\"}]}<\/script>\n<!-- \/ Yoast SEO plugin. -->","yoast_head_json":{"title":"Blog Category - Hungarian Citizenship","robots":{"index":"index","follow":"follow","max-snippet":"max-snippet:-1","max-image-preview":"max-image-preview:large","max-video-preview":"max-video-preview:-1"},"canonical":"https:\/\/hungariancitizenship.eu\/es\/category\/","og_locale":"es_ES","og_type":"article","og_title":"Blog Category - Hungarian Citizenship","og_url":"https:\/\/hungariancitizenship.eu\/es\/category\/","og_site_name":"Hungarian Citizenship","article_modified_time":"2024-11-06T13:47:03+00:00","twitter_card":"summary_large_image","schema":{"@context":"https:\/\/schema.org","@graph":[{"@type":"WebPage","@id":"https:\/\/hungariancitizenship.eu\/es\/category\/","url":"https:\/\/hungariancitizenship.eu\/es\/category\/","name":"Blog Category - Hungarian Citizenship","isPartOf":{"@id":"https:\/\/hungariancitizenship.eu\/#website"},"datePublished":"2024-09-24T11:08:33+00:00","dateModified":"2024-11-06T13:47:03+00:00","breadcrumb":{"@id":"https:\/\/hungariancitizenship.eu\/es\/category\/#breadcrumb"},"inLanguage":"es","potentialAction":[{"@type":"ReadAction","target":["https:\/\/hungariancitizenship.eu\/es\/category\/"]}]},{"@type":"BreadcrumbList","@id":"https:\/\/hungariancitizenship.eu\/es\/category\/#breadcrumb","itemListElement":[{"@type":"ListItem","position":1,"name":"Home","item":"https:\/\/hungariancitizenship.eu\/es\/"},{"@type":"ListItem","position":2,"name":"Blog Category"}]},{"@type":"WebSite","@id":"https:\/\/hungariancitizenship.eu\/#website","url":"https:\/\/hungariancitizenship.eu\/","name":"Hungarian Citizenship","description":"","potentialAction":[{"@type":"SearchAction","target":{"@type":"EntryPoint","urlTemplate":"https:\/\/hungariancitizenship.eu\/?s={search_term_string}"},"query-input":{"@type":"PropertyValueSpecification","valueRequired":true,"valueName":"search_term_string"}}],"inLanguage":"es"}]}},"_links":{"self":[{"href":"https:\/\/hungariancitizenship.eu\/es\/wp-json\/wp\/v2\/pages\/12313","targetHints":{"allow":["GET"]}}],"collection":[{"href":"https:\/\/hungariancitizenship.eu\/es\/wp-json\/wp\/v2\/pages"}],"about":[{"href":"https:\/\/hungariancitizenship.eu\/es\/wp-json\/wp\/v2\/types\/page"}],"author":[{"embeddable":true,"href":"https:\/\/hungariancitizenship.eu\/es\/wp-json\/wp\/v2\/users\/3"}],"replies":[{"embeddable":true,"href":"https:\/\/hungariancitizenship.eu\/es\/wp-json\/wp\/v2\/comments?post=12313"}],"version-history":[{"count":2,"href":"https:\/\/hungariancitizenship.eu\/es\/wp-json\/wp\/v2\/pages\/12313\/revisions"}],"predecessor-version":[{"id":12686,"href":"https:\/\/hungariancitizenship.eu\/es\/wp-json\/wp\/v2\/pages\/12313\/revisions\/12686"}],"wp:attachment":[{"href":"https:\/\/hungariancitizenship.eu\/es\/wp-json\/wp\/v2\/media?parent=12313"}],"curies":[{"name":"wp","href":"https:\/\/api.w.org\/{rel}","templated":true}]}}